{"id":1940,"date":"2017-03-02T15:32:29","date_gmt":"2017-03-02T14:32:29","guid":{"rendered":"https:\/\/reiki-conciliation.org\/?page_id=1940"},"modified":"2017-06-24T10:05:58","modified_gmt":"2017-06-24T09:05:58","slug":"usb-stick","status":"publish","type":"page","link":"https:\/\/reiki-conciliation.org\/de\/usb-stick\/","title":{"rendered":"66 Steps USB-Stick + Untertitel"},"content":{"rendered":"<div class=\"row\">\r\n<div class=\"col-md-6\">\r\n<h2><span class=\"s1\">Beschreibung<\/span><\/h2>\r\n<p>&nbsp;<\/p>\r\n<p><img loading=\"lazy\" decoding=\"async\" class=\"aligncenter wp-image-2226\" src=\"https:\/\/reiki-conciliation.org\/wp-content\/uploads\/rc-usb-stick.png\" alt=\"Reiki Conciliation USB stick\" width=\"250\" height=\"146\" \/>Dieser wundersch\u00f6ne, h\u00f6lzerne USB-Stick enth\u00e4lt alle Videos von\u00a0<a href=\"https:\/\/reiki-conciliation.org\/usb-stick\/\">66 Steps on the path to <span class=\"reconciliation_trademark\">RECONCILIATION<\/span><\/a>\u00a0(66 Schritte auf dem Pfad der Vers\u00f6hnung) mit mehr als 10 Stunden Rohmaterial. Als Bonus beinhaltet dieser\u00a0auch <a href=\"https:\/\/vimeo.com\/197552850\">RECONCILIATION &#8211; Along the Path of Mastery<\/a>\u00a0(VERS\u00d6HNUNG &#8211; Entlang dem Pfad der Meisterschaft) inkl. Untertitel auf Englisch, Deutsch und Russisch, sowie das Vorstellungsvideo\u00a0<a href=\"https:\/\/vimeo.com\/199146163\">Vision of REIKI CONCILIATION<\/a>\u00a0(Vision der REIKI VERS\u00d6HNUNG).<\/p>\r\n<p>Neben den vorinstallierten Untertiteln k\u00f6nnen Sie\u00a0selbstverst\u00e4ndlich noch weitere Untertitel runterladen und auf Ihren USB-Stick kopieren. Sie finden diese unter &#8222;<a href=\"https:\/\/reiki-conciliation.org\/de\/usb-stick\/download-installation\/\">Untertitel Download<\/a>&#8222;.<\/p>\r\n<h2 class=\"p3\"><span class=\"s1\">Das ist f\u00fcr Sie\u00a0falls<\/span><\/h2>\r\n<ul>\r\n\t<li class=\"p2\">Ihre Internet-Verbindung zu langsam oder unzuverl\u00e4ssig ist um die Videos zu streamen<\/li>\r\n\t<li class=\"p2\">Sie die Videos gerne offline auf Ihrem Smartphone oder Tablet schauen m\u00f6chten<\/li>\r\n\t<li class=\"p2\">Sie sich lieber nicht auf Vimeo registrieren m\u00f6chten<\/li>\r\n\t<li class=\"p2\">Sie den Gedanken m\u00f6gen\u00a0die Videos in Ihren H\u00e4nden zu halten, auf Ihrem eigenen physischen\u00a0Ger\u00e4t<\/li>\r\n\t<li class=\"p2\">Sie ein Reiki-Lehrer sind, die Videos gerne Ihren Studenten zeigen, Ihr Unterrichtsraum jedoch kein Internet hat<\/li>\r\n<\/ul>\r\n<h2 class=\"p3\"><span class=\"s1\">Was enth\u00e4lt der Stick?<\/span><\/h2>\r\n<ul class=\"ul1\">\r\n\t<li class=\"li4\"><span class=\"s1\">Alle\u00a0<span class=\"s2\"><a href=\"https:\/\/reiki-conciliation.org\/66-steps-on-the-path-to-reconciliation\/\">66 Steps\u00a0videos<\/a>\u00a0im MP4 Dateiformat<\/span><\/span><\/li>\r\n\t<li class=\"li4\"><span class=\"s1\">Als Bonus-Material:<\/span>\r\n<ul class=\"ul2\">\r\n\t<li class=\"li4\"><span class=\"s1\">\u201cRECONCILIATION &#8211; Along the Path of Mastery\u201d,\u00a0inkl. Untertitel auf Englisch, Deutsch und Russisch<\/span><\/li>\r\n\t<li class=\"li4\"><span class=\"s1\">\u201cVision of REIKI CONCILIATION\u201d,\u00a0inkl. Untertitel auf Englisch und Deutsch<\/span><\/li>\r\n<\/ul>\r\n<\/li>\r\n<\/ul>\r\n<\/div> <div class=\"col-md-6\">\r\n<h2>Bestellung<\/h2>\r\n<p><strong>Preis pro St\u00fcck: $100<\/strong>, inklusive Versandkosten, wo immer Sie sind\u00a0\ud83d\ude42<\/p>\r\n[caldera_form id=&#8220;CF58c960849b9a9&#8243;]\r\n<\/div> <\/div>\r\n<h1 style=\"text-align: center;\">\u00a0<\/h1>","protected":false},"excerpt":{"rendered":"\u00a0","protected":false},"author":1,"featured_media":0,"parent":0,"menu_order":0,"comment_status":"closed","ping_status":"closed","template":"page-usbstick.php","meta":{"_acf_changed":false,"footnotes":""},"class_list":["post-1940","page","type-page","status-publish","hentry"],"acf":[],"yoast_head":"<!-- This site is optimized with the Yoast SEO plugin v27.3 - https:\/\/yoast.com\/product\/yoast-seo-wordpress\/ -->\n<title>66 Steps USB-Stick + Untertitel - REIKI Conciliation<\/title>\n<meta name=\"robots\" content=\"index, follow, max-snippet:-1, max-image-preview:large, max-video-preview:-1\" \/>\n<link rel=\"canonical\" href=\"https:\/\/reiki-conciliation.org\/de\/usb-stick\/\" \/>\n<meta property=\"og:locale\" content=\"de_DE\" \/>\n<meta property=\"og:type\" content=\"article\" \/>\n<meta property=\"og:title\" content=\"66 Steps USB-Stick\" \/>\n<meta property=\"og:description\" content=\"Dieser wundersch\u00f6ne, h\u00f6lzerne USB-Stick enth\u00e4lt alle Videos von 66 Steps on the path to RECONCILIATION (66 Schritte auf dem Pfad der Vers\u00f6hnung) mit mehr als 10 Stunden Rohmaterial.\" \/>\n<meta property=\"og:url\" content=\"https:\/\/reiki-conciliation.org\/de\/usb-stick\/\" \/>\n<meta property=\"og:site_name\" content=\"REIKI Conciliation\" \/>\n<meta property=\"article:modified_time\" content=\"2017-06-24T09:05:58+00:00\" \/>\n<meta property=\"og:image\" content=\"https:\/\/reiki-conciliation.org\/wp-content\/uploads\/rc-usb-stick.png\" \/>\n<meta name=\"twitter:card\" content=\"summary_large_image\" \/>\n<meta name=\"twitter:label1\" content=\"Gesch\u00e4tzte Lesezeit\" \/>\n\t<meta name=\"twitter:data1\" content=\"1\u00a0Minute\" \/>\n<script type=\"application\/ld+json\" class=\"yoast-schema-graph\">{\"@context\":\"https:\\\/\\\/schema.org\",\"@graph\":[{\"@type\":\"WebPage\",\"@id\":\"https:\\\/\\\/reiki-conciliation.org\\\/de\\\/usb-stick\\\/\",\"url\":\"https:\\\/\\\/reiki-conciliation.org\\\/de\\\/usb-stick\\\/\",\"name\":\"66 Steps USB-Stick + Untertitel - REIKI Conciliation\",\"isPartOf\":{\"@id\":\"https:\\\/\\\/reiki-conciliation.org\\\/#website\"},\"primaryImageOfPage\":{\"@id\":\"https:\\\/\\\/reiki-conciliation.org\\\/de\\\/usb-stick\\\/#primaryimage\"},\"image\":{\"@id\":\"https:\\\/\\\/reiki-conciliation.org\\\/de\\\/usb-stick\\\/#primaryimage\"},\"thumbnailUrl\":\"https:\\\/\\\/reiki-conciliation.org\\\/wp-content\\\/uploads\\\/rc-usb-stick.png\",\"datePublished\":\"2017-03-02T14:32:29+00:00\",\"dateModified\":\"2017-06-24T09:05:58+00:00\",\"inLanguage\":\"de\",\"potentialAction\":[{\"@type\":\"ReadAction\",\"target\":[\"https:\\\/\\\/reiki-conciliation.org\\\/de\\\/usb-stick\\\/\"]}]},{\"@type\":\"ImageObject\",\"inLanguage\":\"de\",\"@id\":\"https:\\\/\\\/reiki-conciliation.org\\\/de\\\/usb-stick\\\/#primaryimage\",\"url\":\"https:\\\/\\\/reiki-conciliation.org\\\/wp-content\\\/uploads\\\/rc-usb-stick.png\",\"contentUrl\":\"https:\\\/\\\/reiki-conciliation.org\\\/wp-content\\\/uploads\\\/rc-usb-stick.png\"},{\"@type\":\"WebSite\",\"@id\":\"https:\\\/\\\/reiki-conciliation.org\\\/#website\",\"url\":\"https:\\\/\\\/reiki-conciliation.org\\\/\",\"name\":\"REIKI Conciliation\",\"description\":\"\",\"publisher\":{\"@id\":\"https:\\\/\\\/reiki-conciliation.org\\\/#organization\"},\"potentialAction\":[{\"@type\":\"SearchAction\",\"target\":{\"@type\":\"EntryPoint\",\"urlTemplate\":\"https:\\\/\\\/reiki-conciliation.org\\\/?s={search_term_string}\"},\"query-input\":{\"@type\":\"PropertyValueSpecification\",\"valueRequired\":true,\"valueName\":\"search_term_string\"}}],\"inLanguage\":\"de\"},{\"@type\":\"Organization\",\"@id\":\"https:\\\/\\\/reiki-conciliation.org\\\/#organization\",\"name\":\"Reiki Conciliation\",\"url\":\"https:\\\/\\\/reiki-conciliation.org\\\/\",\"logo\":{\"@type\":\"ImageObject\",\"inLanguage\":\"de\",\"@id\":\"https:\\\/\\\/reiki-conciliation.org\\\/#\\\/schema\\\/logo\\\/image\\\/\",\"url\":\"https:\\\/\\\/reiki-conciliation.org\\\/wp-content\\\/uploads\\\/logo-rc.png\",\"contentUrl\":\"https:\\\/\\\/reiki-conciliation.org\\\/wp-content\\\/uploads\\\/logo-rc.png\",\"width\":200,\"height\":176,\"caption\":\"Reiki Conciliation\"},\"image\":{\"@id\":\"https:\\\/\\\/reiki-conciliation.org\\\/#\\\/schema\\\/logo\\\/image\\\/\"}}]}<\/script>\n<!-- \/ Yoast SEO plugin. -->","yoast_head_json":{"title":"66 Steps USB-Stick + Untertitel - REIKI Conciliation","robots":{"index":"index","follow":"follow","max-snippet":"max-snippet:-1","max-image-preview":"max-image-preview:large","max-video-preview":"max-video-preview:-1"},"canonical":"https:\/\/reiki-conciliation.org\/de\/usb-stick\/","og_locale":"de_DE","og_type":"article","og_title":"66 Steps USB-Stick","og_description":"Dieser wundersch\u00f6ne, h\u00f6lzerne USB-Stick enth\u00e4lt alle Videos von 66 Steps on the path to RECONCILIATION (66 Schritte auf dem Pfad der Vers\u00f6hnung) mit mehr als 10 Stunden Rohmaterial.","og_url":"https:\/\/reiki-conciliation.org\/de\/usb-stick\/","og_site_name":"REIKI Conciliation","article_modified_time":"2017-06-24T09:05:58+00:00","og_image":[{"url":"https:\/\/reiki-conciliation.org\/wp-content\/uploads\/rc-usb-stick.png","type":"","width":"","height":""}],"twitter_card":"summary_large_image","twitter_misc":{"Gesch\u00e4tzte Lesezeit":"1\u00a0Minute"},"schema":{"@context":"https:\/\/schema.org","@graph":[{"@type":"WebPage","@id":"https:\/\/reiki-conciliation.org\/de\/usb-stick\/","url":"https:\/\/reiki-conciliation.org\/de\/usb-stick\/","name":"66 Steps USB-Stick + Untertitel - REIKI Conciliation","isPartOf":{"@id":"https:\/\/reiki-conciliation.org\/#website"},"primaryImageOfPage":{"@id":"https:\/\/reiki-conciliation.org\/de\/usb-stick\/#primaryimage"},"image":{"@id":"https:\/\/reiki-conciliation.org\/de\/usb-stick\/#primaryimage"},"thumbnailUrl":"https:\/\/reiki-conciliation.org\/wp-content\/uploads\/rc-usb-stick.png","datePublished":"2017-03-02T14:32:29+00:00","dateModified":"2017-06-24T09:05:58+00:00","inLanguage":"de","potentialAction":[{"@type":"ReadAction","target":["https:\/\/reiki-conciliation.org\/de\/usb-stick\/"]}]},{"@type":"ImageObject","inLanguage":"de","@id":"https:\/\/reiki-conciliation.org\/de\/usb-stick\/#primaryimage","url":"https:\/\/reiki-conciliation.org\/wp-content\/uploads\/rc-usb-stick.png","contentUrl":"https:\/\/reiki-conciliation.org\/wp-content\/uploads\/rc-usb-stick.png"},{"@type":"WebSite","@id":"https:\/\/reiki-conciliation.org\/#website","url":"https:\/\/reiki-conciliation.org\/","name":"REIKI Conciliation","description":"","publisher":{"@id":"https:\/\/reiki-conciliation.org\/#organization"},"potentialAction":[{"@type":"SearchAction","target":{"@type":"EntryPoint","urlTemplate":"https:\/\/reiki-conciliation.org\/?s={search_term_string}"},"query-input":{"@type":"PropertyValueSpecification","valueRequired":true,"valueName":"search_term_string"}}],"inLanguage":"de"},{"@type":"Organization","@id":"https:\/\/reiki-conciliation.org\/#organization","name":"Reiki Conciliation","url":"https:\/\/reiki-conciliation.org\/","logo":{"@type":"ImageObject","inLanguage":"de","@id":"https:\/\/reiki-conciliation.org\/#\/schema\/logo\/image\/","url":"https:\/\/reiki-conciliation.org\/wp-content\/uploads\/logo-rc.png","contentUrl":"https:\/\/reiki-conciliation.org\/wp-content\/uploads\/logo-rc.png","width":200,"height":176,"caption":"Reiki Conciliation"},"image":{"@id":"https:\/\/reiki-conciliation.org\/#\/schema\/logo\/image\/"}}]}},"_links":{"self":[{"href":"https:\/\/reiki-conciliation.org\/de\/wp-json\/wp\/v2\/pages\/1940","targetHints":{"allow":["GET"]}}],"collection":[{"href":"https:\/\/reiki-conciliation.org\/de\/wp-json\/wp\/v2\/pages"}],"about":[{"href":"https:\/\/reiki-conciliation.org\/de\/wp-json\/wp\/v2\/types\/page"}],"author":[{"embeddable":true,"href":"https:\/\/reiki-conciliation.org\/de\/wp-json\/wp\/v2\/users\/1"}],"replies":[{"embeddable":true,"href":"https:\/\/reiki-conciliation.org\/de\/wp-json\/wp\/v2\/comments?post=1940"}],"version-history":[{"count":0,"href":"https:\/\/reiki-conciliation.org\/de\/wp-json\/wp\/v2\/pages\/1940\/revisions"}],"wp:attachment":[{"href":"https:\/\/reiki-conciliation.org\/de\/wp-json\/wp\/v2\/media?parent=1940"}],"curies":[{"name":"wp","href":"https:\/\/api.w.org\/{rel}","templated":true}]}}