{"id":2166,"date":"2017-03-19T05:27:33","date_gmt":"2017-03-19T04:27:33","guid":{"rendered":"https:\/\/reiki-conciliation.org\/?page_id=2166\/"},"modified":"2020-05-16T10:06:11","modified_gmt":"2020-05-16T09:06:11","slug":"download-installation","status":"publish","type":"page","link":"https:\/\/reiki-conciliation.org\/de\/download-installation\/","title":{"rendered":"Untertitel\/VLC Download + Installation"},"content":{"rendered":"<div id=\"usb-stick\">\r\n<div class=\"row\"> <div class=\"col-md-6\">\r\n<h2 class=\"p1\"><span class=\"s1\">Verf\u00fcgbare Untertitel<\/span><\/h2>\r\n<p><a name=\"subtitles-download\"><\/a><\/p>\r\n<p class=\"p2\"><b>66 Steps on the Path to Reconciliation<br \/>\r\n <\/b><img loading=\"lazy\" decoding=\"async\" class=\"alignnone wp-image-1968\" src=\"https:\/\/reiki-conciliation.org\/wp-content\/uploads\/United-KingdomGreat-Britain.png\" width=\"16\" height=\"16\" \/>\u00a0 English subtitles<br \/>\r\n <img loading=\"lazy\" decoding=\"async\" class=\"alignnone wp-image-1969\" src=\"https:\/\/reiki-conciliation.org\/wp-content\/uploads\/Germany.png\" alt=\"Deutsch\" width=\"16\" height=\"16\" \/>\u00a0 Deutsche Untertitel<\/p>\r\n<p class=\"p2\"><span class=\"s1\"><b>RECONCILIATON &#8211; Along the Path of Mastery<\/b><br \/>\r\n <img loading=\"lazy\" decoding=\"async\" class=\"alignnone wp-image-1968\" src=\"https:\/\/reiki-conciliation.org\/wp-content\/uploads\/United-KingdomGreat-Britain.png\" width=\"16\" height=\"16\" \/>\u00a0English subtitles<br \/>\r\n <img loading=\"lazy\" decoding=\"async\" class=\"alignnone wp-image-1969\" src=\"https:\/\/reiki-conciliation.org\/wp-content\/uploads\/Germany.png\" alt=\"Deutsch\" width=\"16\" height=\"16\" \/>\u00a0Deutsche Untertitel<br \/>\r\n <img loading=\"lazy\" decoding=\"async\" class=\"alignnone wp-image-1973\" src=\"https:\/\/reiki-conciliation.org\/wp-content\/uploads\/Russian-Federation.png\" alt=\"Russian\" width=\"16\" height=\"16\" \/>\u00a0\u0440\u0443\u0441\u0441\u043a\u0438\u0435 \u0441\u0443\u0431\u0442\u0438\u0442\u0440\u044b<br \/>\r\n <img loading=\"lazy\" decoding=\"async\" class=\"alignnone wp-image-2036\" src=\"https:\/\/reiki-conciliation.org\/wp-content\/uploads\/Spain.png\" alt=\"Spanish, Espa\u00f1ol\" width=\"16\" height=\"16\" \/>\u00a0Subt\u00edtulos en espa\u00f1ol<br \/>\r\n <img loading=\"lazy\" decoding=\"async\" class=\"alignnone wp-image-2211\" src=\"https:\/\/reiki-conciliation.org\/wp-content\/uploads\/France.png\" alt=\"Langue Fran\u00e7ais\" width=\"16\" height=\"16\" \/>\u00a0Sous-titres fran\u00e7ais<br \/>\r\n <img loading=\"lazy\" decoding=\"async\" class=\"alignnone wp-image-1971\" src=\"https:\/\/reiki-conciliation.org\/wp-content\/uploads\/Portugal.png\" alt=\"\" width=\"16\" height=\"16\" \/>\u00a0Legenda em portugu\u00eas<br \/>\r\n <\/span><\/p>\r\n<p class=\"p2\"><b>Vision of REIKI CONCILIATION<\/b><br \/>\r\n <img loading=\"lazy\" decoding=\"async\" class=\"alignnone wp-image-1968\" src=\"https:\/\/reiki-conciliation.org\/wp-content\/uploads\/United-KingdomGreat-Britain.png\" width=\"16\" height=\"16\" \/>\u00a0English subtitles<br \/>\r\n <img loading=\"lazy\" decoding=\"async\" class=\"alignnone wp-image-1969\" src=\"https:\/\/reiki-conciliation.org\/wp-content\/uploads\/Germany.png\" alt=\"Deutsch\" width=\"16\" height=\"16\" \/>\u00a0Deutsche Untertitel<\/p>\r\n<p class=\"p2\">Um die Videos mit Untertiteln zu schauen, installieren\u00a0Sie den\u00a0VLC Video Player\u00a0und wenn n\u00f6tig noch fehlende Untertitel.<\/p>\r\n<p class=\"p2\">Falls Sie Hilfe ben\u00f6tigen, schreiben Sie bitte eine E-Mail an <a href=\"mailto:support@reiki-conciliation.org\">support@reiki-conciliation.org<\/a>.<\/p>\r\n<p class=\"p2\"><\/div> <div class=\"col-md-6\">\r\n<h2 class=\"p2\">Untertitel Installation<\/h2>\r\n<div class=\"panel-group\" id=\"custom-collapse-0\">\r\n <div class=\"panel panel-default\">\n\t\t\t\t<div class=\"panel-heading\">\n\t\t\t\t\t<h4 class=\"panel-title\">\n\t\t\t\t\t\t<a class=\"collapsed\" data-toggle=\"collapse\" data-parent=\"#custom-collapse-0\" href=\"#custom-collapse-0-0\">Desktop-Computer<\/a>\n\t\t\t\t\t<\/h4>\n\t\t\t\t<\/div>\n\t\t\t\t<div id=\"custom-collapse-0-0\" class=\"panel-collapse collapse\">\n\t\t\t\t\t<div class=\"panel-body\">\r\n<p><strong>Erstellen Sie unter &#8222;66-Steps-Videos&#8220; ein Verzeichnis namens &#8222;subtitles&#8220;.<\/strong> In dieses speichern Sie die Untertitel nachdem Sie diese runtergeladen haben. (Im Verzeichnis &#8222;Bonus-Videos&#8220; hat es bereits ein Verzeichnis &#8222;subtitles&#8220; mit vorinstallierten Untertitel-Dateien.)<\/p>\r\n<ul>\r\n\t<li>66 Steps on the Path to Reconciliaton:\u00a0<br \/>\r\n <strong>\\66-Steps-videos\\subtitles<\/strong><\/li>\r\n\t<li>RECONCILIATION &#8211; Along the Path of Mastery + Vision of REIKI CONCILIATION:<strong> <br \/>\r\n \\Bonus-videos\\subtitles<\/strong><strong><br \/>\r\n <\/strong><\/li>\r\n<\/ul>\r\n<p><strong>Bitte beachten:<\/strong> <br \/>\r\n <strong>&#8222;66-Steps-videos&#8220; und +&#8220;Bonus-videos&#8220; haben jeweils ein eigenes\u00a0&#8222;subtitles&#8220;-Verzeichnis<\/strong><br \/>\r\n <\/div>\n\t\t\t\t<\/div>\n\t\t\t<\/div>\r\n <div class=\"panel panel-default\">\n\t\t\t\t<div class=\"panel-heading\">\n\t\t\t\t\t<h4 class=\"panel-title\">\n\t\t\t\t\t\t<a class=\"collapsed\" data-toggle=\"collapse\" data-parent=\"#custom-collapse-0\" href=\"#custom-collapse-0-1\">iOS<\/a>\n\t\t\t\t\t<\/h4>\n\t\t\t\t<\/div>\n\t\t\t\t<div id=\"custom-collapse-0-1\" class=\"panel-collapse collapse\">\n\t\t\t\t\t<div class=\"panel-body\">\r\n<p><strong>Voraussetzung<\/strong>:\u00a0Sie haben VLC vom Apple AppStore installiert.<\/p>\r\n<ol>\r\n\t<li>Verbinden Sie Ihr iPhone\/iPad mit ihrem Computer <strong>mit einem USB-Kabel<\/strong>.<\/li>\r\n\t<li>Starten Sie <strong>iTunes<\/strong>, w\u00e4hlen Sie auf der linken Seite Ihr iPhone oder iPad unter &#8222;Ger\u00e4te&#8220;\u00a0aus.<\/li>\r\n\t<li>W\u00e4hlen Sie &#8222;<strong>Apps<\/strong>&#8222;, dann scrollen Sie runter zu &#8222;Dateifreigabe&#8220;<\/li>\r\n\t<li>Bei den Apps auf der linken Seite &#8222;<strong>VLC<\/strong>&#8220; ausw\u00e4hlen.<\/li>\r\n\t<li>Click &#8222;<b>VLC<\/b>&#8220; in the &#8222;Apps&#8220; section on the left side of the page.<\/li>\r\n\t<li>Ziehen Sie die Film- und Untertitel-Dateien in den rechten Bereich. Der Kopiervorgang startet.<\/li>\r\n<\/ol>\r\n<\/div>\n\t\t\t\t<\/div>\n\t\t\t<\/div>\r\n <div class=\"panel panel-default\">\n\t\t\t\t<div class=\"panel-heading\">\n\t\t\t\t\t<h4 class=\"panel-title\">\n\t\t\t\t\t\t<a class=\"collapsed\" data-toggle=\"collapse\" data-parent=\"#custom-collapse-0\" href=\"#custom-collapse-0-2\">Android<\/a>\n\t\t\t\t\t<\/h4>\n\t\t\t\t<\/div>\n\t\t\t\t<div id=\"custom-collapse-0-2\" class=\"panel-collapse collapse\">\n\t\t\t\t\t<div class=\"panel-body\">\r\n<ol>\r\n\t<li>Verbinden Sie das Android Ger\u00e4t mit Ihrem Computer mit einem USB-Kabel<\/li>\r\n\t<li>Kopieren Sie die Film- und Untertitel-Dateien in das <strong>\\movies-Verzeichnis<\/strong> Ihres Ger\u00e4tes. Der Kopiervorgang startet.<\/li>\r\n<\/ol>\r\n<\/div>\n\t\t\t\t<\/div>\n\t\t\t<\/div>\r\n <\/div>\r\n<h2>VLC Installation\/Handhabung<\/h2>\r\n<p><strong>Bitte beachten:<\/strong>\u00a0Die Film- und Untertitel-Dateien nicht umbenennen, ansonsten kann VLC diese nicht mehr korrekt verbinden.<\/p>\r\n<div class=\"panel-group\" id=\"custom-collapse-1\">\r\n <div class=\"panel panel-default\">\n\t\t\t\t<div class=\"panel-heading\">\n\t\t\t\t\t<h4 class=\"panel-title\">\n\t\t\t\t\t\t<a class=\"collapsed\" data-toggle=\"collapse\" data-parent=\"#custom-collapse-1\" href=\"#custom-collapse-1-3\">Desktop-Computer<\/a>\n\t\t\t\t\t<\/h4>\n\t\t\t\t<\/div>\n\t\t\t\t<div id=\"custom-collapse-1-3\" class=\"panel-collapse collapse\">\n\t\t\t\t\t<div class=\"panel-body\">\r\n<p><strong>Um die Videos mit Untertitel zu sehen, ben\u00f6tigen Sie einen geeigneten Video Player wie VLC.<\/strong><\/p>\r\n<ol>\r\n\t<li>Downloaden und installieren\u00a0Sie den neuesten VLC-Player kostenlos von\u00a0<a href=\"http:\/\/www.videolan.org\/\">www.videolan.org<\/a>.<\/li>\r\n\t<li>Falls\u00a0Sie w\u00e4hrend der Installation VLC als Standard Video-Player definiert haben, \u00f6ffnen\u00a0Sie eine\u00a0Video-Datei Ihrer Wahl und fahren Sie fort mit Schritt 4.<\/li>\r\n\t<li>Klick mit rechter Maustaste auf eine Video-Datei, &#8222;\u00d6ffnen mit&#8220; und &#8222;VLC&#8220; w\u00e4hlen.<br \/>\r\n <br \/>\r\n \u00a0<img loading=\"lazy\" decoding=\"async\" class=\"alignnone size-full wp-image-2052\" src=\"https:\/\/reiki-conciliation.org\/wp-content\/uploads\/open-with-vlc.jpg\" alt=\"Open with VLC\" width=\"526\" height=\"191\" srcset=\"https:\/\/reiki-conciliation.org\/wp-content\/uploads\/open-with-vlc.jpg 526w, https:\/\/reiki-conciliation.org\/wp-content\/uploads\/open-with-vlc-350x127.jpg 350w\" sizes=\"auto, (max-width: 526px) 100vw, 526px\" \/><\/li>\r\n\t<li>W\u00e4hlen Sie &#8222;Untertitel&#8220; im Men\u00fc und dann die gew\u00fcnschte Sprache.<br \/>\r\n <br \/>\r\n <img loading=\"lazy\" decoding=\"async\" class=\"alignnone size-full wp-image-2051\" src=\"https:\/\/reiki-conciliation.org\/wp-content\/uploads\/vlc-choose-subtitle.jpg\" alt=\"VLC Choose subtitle\" width=\"333\" height=\"163\" \/><\/li>\r\n<\/ol>\r\n<p><br \/>\r\n <\/div>\n\t\t\t\t<\/div>\n\t\t\t<\/div>\r\n <div class=\"panel panel-default\">\n\t\t\t\t<div class=\"panel-heading\">\n\t\t\t\t\t<h4 class=\"panel-title\">\n\t\t\t\t\t\t<a class=\"collapsed\" data-toggle=\"collapse\" data-parent=\"#custom-collapse-1\" href=\"#custom-collapse-1-4\">Smartphone\/Tablet<\/a>\n\t\t\t\t\t<\/h4>\n\t\t\t\t<\/div>\n\t\t\t\t<div id=\"custom-collapse-1-4\" class=\"panel-collapse collapse\">\n\t\t\t\t\t<div class=\"panel-body\">\r\n<ol>\r\n\t<li>Falls Sie VLC\u00a0noch nicht installiert haben, laden Sie dieses vom Apple AppStore oder Google Play Store runter.<\/li>\r\n\t<li>VLC starten<\/li>\r\n\t<li>Wenn Sie die Video- und Untertitel wie unter &#8222;Installation&#8220; beschrieben kopiert haben, sehen Sie diese in der Video-Liste.<\/li>\r\n\t<li>Starten Sie das Video.<\/li>\r\n\t<li>Wenn Sie die Untertitel wechseln oder deaktivieren m\u00f6chten, w\u00e4hlen Sie das Sprechblasen-Icon unten aus.<\/li>\r\n<\/ol>\r\n<\/div>\n\t\t\t\t<\/div>\n\t\t\t<\/div>\r\n <\/div>\r\n<\/div>\r\n<\/div>\r\n<\/div>","protected":false},"excerpt":{"rendered":"","protected":false},"author":1,"featured_media":0,"parent":0,"menu_order":0,"comment_status":"closed","ping_status":"closed","template":"","meta":{"_acf_changed":false,"footnotes":""},"class_list":["post-2166","page","type-page","status-publish","hentry"],"acf":[],"yoast_head":"<!-- This site is optimized with the Yoast SEO plugin v27.3 - https:\/\/yoast.com\/product\/yoast-seo-wordpress\/ -->\n<title>Untertitel\/VLC Download + Installation - REIKI Conciliation<\/title>\n<meta name=\"robots\" content=\"index, follow, max-snippet:-1, max-image-preview:large, max-video-preview:-1\" \/>\n<link rel=\"canonical\" href=\"https:\/\/reiki-conciliation.org\/de\/download-installation\/\" \/>\n<meta property=\"og:locale\" content=\"de_DE\" \/>\n<meta property=\"og:type\" content=\"article\" \/>\n<meta property=\"og:title\" content=\"Untertitel\/VLC Download + Installation - REIKI Conciliation\" \/>\n<meta property=\"og:url\" content=\"https:\/\/reiki-conciliation.org\/de\/download-installation\/\" \/>\n<meta property=\"og:site_name\" content=\"REIKI Conciliation\" \/>\n<meta property=\"article:modified_time\" content=\"2020-05-16T09:06:11+00:00\" \/>\n<meta property=\"og:image\" content=\"https:\/\/reiki-conciliation.org\/wp-content\/uploads\/United-KingdomGreat-Britain.png\" \/>\n<meta name=\"twitter:card\" content=\"summary_large_image\" \/>\n<meta name=\"twitter:label1\" content=\"Gesch\u00e4tzte Lesezeit\" \/>\n\t<meta name=\"twitter:data1\" content=\"2\u00a0Minuten\" \/>\n<script type=\"application\/ld+json\" class=\"yoast-schema-graph\">{\"@context\":\"https:\\\/\\\/schema.org\",\"@graph\":[{\"@type\":\"WebPage\",\"@id\":\"https:\\\/\\\/reiki-conciliation.org\\\/de\\\/download-installation\\\/\",\"url\":\"https:\\\/\\\/reiki-conciliation.org\\\/de\\\/download-installation\\\/\",\"name\":\"Untertitel\\\/VLC Download + Installation - REIKI Conciliation\",\"isPartOf\":{\"@id\":\"https:\\\/\\\/reiki-conciliation.org\\\/#website\"},\"primaryImageOfPage\":{\"@id\":\"https:\\\/\\\/reiki-conciliation.org\\\/de\\\/download-installation\\\/#primaryimage\"},\"image\":{\"@id\":\"https:\\\/\\\/reiki-conciliation.org\\\/de\\\/download-installation\\\/#primaryimage\"},\"thumbnailUrl\":\"https:\\\/\\\/reiki-conciliation.org\\\/wp-content\\\/uploads\\\/United-KingdomGreat-Britain.png\",\"datePublished\":\"2017-03-19T04:27:33+00:00\",\"dateModified\":\"2020-05-16T09:06:11+00:00\",\"inLanguage\":\"de\",\"potentialAction\":[{\"@type\":\"ReadAction\",\"target\":[\"https:\\\/\\\/reiki-conciliation.org\\\/de\\\/download-installation\\\/\"]}]},{\"@type\":\"ImageObject\",\"inLanguage\":\"de\",\"@id\":\"https:\\\/\\\/reiki-conciliation.org\\\/de\\\/download-installation\\\/#primaryimage\",\"url\":\"https:\\\/\\\/reiki-conciliation.org\\\/wp-content\\\/uploads\\\/United-KingdomGreat-Britain.png\",\"contentUrl\":\"https:\\\/\\\/reiki-conciliation.org\\\/wp-content\\\/uploads\\\/United-KingdomGreat-Britain.png\"},{\"@type\":\"WebSite\",\"@id\":\"https:\\\/\\\/reiki-conciliation.org\\\/#website\",\"url\":\"https:\\\/\\\/reiki-conciliation.org\\\/\",\"name\":\"REIKI Conciliation\",\"description\":\"\",\"publisher\":{\"@id\":\"https:\\\/\\\/reiki-conciliation.org\\\/#organization\"},\"potentialAction\":[{\"@type\":\"SearchAction\",\"target\":{\"@type\":\"EntryPoint\",\"urlTemplate\":\"https:\\\/\\\/reiki-conciliation.org\\\/?s={search_term_string}\"},\"query-input\":{\"@type\":\"PropertyValueSpecification\",\"valueRequired\":true,\"valueName\":\"search_term_string\"}}],\"inLanguage\":\"de\"},{\"@type\":\"Organization\",\"@id\":\"https:\\\/\\\/reiki-conciliation.org\\\/#organization\",\"name\":\"Reiki Conciliation\",\"url\":\"https:\\\/\\\/reiki-conciliation.org\\\/\",\"logo\":{\"@type\":\"ImageObject\",\"inLanguage\":\"de\",\"@id\":\"https:\\\/\\\/reiki-conciliation.org\\\/#\\\/schema\\\/logo\\\/image\\\/\",\"url\":\"https:\\\/\\\/reiki-conciliation.org\\\/wp-content\\\/uploads\\\/logo-rc.png\",\"contentUrl\":\"https:\\\/\\\/reiki-conciliation.org\\\/wp-content\\\/uploads\\\/logo-rc.png\",\"width\":200,\"height\":176,\"caption\":\"Reiki Conciliation\"},\"image\":{\"@id\":\"https:\\\/\\\/reiki-conciliation.org\\\/#\\\/schema\\\/logo\\\/image\\\/\"}}]}<\/script>\n<!-- \/ Yoast SEO plugin. -->","yoast_head_json":{"title":"Untertitel\/VLC Download + Installation - REIKI Conciliation","robots":{"index":"index","follow":"follow","max-snippet":"max-snippet:-1","max-image-preview":"max-image-preview:large","max-video-preview":"max-video-preview:-1"},"canonical":"https:\/\/reiki-conciliation.org\/de\/download-installation\/","og_locale":"de_DE","og_type":"article","og_title":"Untertitel\/VLC Download + Installation - REIKI Conciliation","og_url":"https:\/\/reiki-conciliation.org\/de\/download-installation\/","og_site_name":"REIKI Conciliation","article_modified_time":"2020-05-16T09:06:11+00:00","og_image":[{"url":"https:\/\/reiki-conciliation.org\/wp-content\/uploads\/United-KingdomGreat-Britain.png","type":"","width":"","height":""}],"twitter_card":"summary_large_image","twitter_misc":{"Gesch\u00e4tzte Lesezeit":"2\u00a0Minuten"},"schema":{"@context":"https:\/\/schema.org","@graph":[{"@type":"WebPage","@id":"https:\/\/reiki-conciliation.org\/de\/download-installation\/","url":"https:\/\/reiki-conciliation.org\/de\/download-installation\/","name":"Untertitel\/VLC Download + Installation - REIKI Conciliation","isPartOf":{"@id":"https:\/\/reiki-conciliation.org\/#website"},"primaryImageOfPage":{"@id":"https:\/\/reiki-conciliation.org\/de\/download-installation\/#primaryimage"},"image":{"@id":"https:\/\/reiki-conciliation.org\/de\/download-installation\/#primaryimage"},"thumbnailUrl":"https:\/\/reiki-conciliation.org\/wp-content\/uploads\/United-KingdomGreat-Britain.png","datePublished":"2017-03-19T04:27:33+00:00","dateModified":"2020-05-16T09:06:11+00:00","inLanguage":"de","potentialAction":[{"@type":"ReadAction","target":["https:\/\/reiki-conciliation.org\/de\/download-installation\/"]}]},{"@type":"ImageObject","inLanguage":"de","@id":"https:\/\/reiki-conciliation.org\/de\/download-installation\/#primaryimage","url":"https:\/\/reiki-conciliation.org\/wp-content\/uploads\/United-KingdomGreat-Britain.png","contentUrl":"https:\/\/reiki-conciliation.org\/wp-content\/uploads\/United-KingdomGreat-Britain.png"},{"@type":"WebSite","@id":"https:\/\/reiki-conciliation.org\/#website","url":"https:\/\/reiki-conciliation.org\/","name":"REIKI Conciliation","description":"","publisher":{"@id":"https:\/\/reiki-conciliation.org\/#organization"},"potentialAction":[{"@type":"SearchAction","target":{"@type":"EntryPoint","urlTemplate":"https:\/\/reiki-conciliation.org\/?s={search_term_string}"},"query-input":{"@type":"PropertyValueSpecification","valueRequired":true,"valueName":"search_term_string"}}],"inLanguage":"de"},{"@type":"Organization","@id":"https:\/\/reiki-conciliation.org\/#organization","name":"Reiki Conciliation","url":"https:\/\/reiki-conciliation.org\/","logo":{"@type":"ImageObject","inLanguage":"de","@id":"https:\/\/reiki-conciliation.org\/#\/schema\/logo\/image\/","url":"https:\/\/reiki-conciliation.org\/wp-content\/uploads\/logo-rc.png","contentUrl":"https:\/\/reiki-conciliation.org\/wp-content\/uploads\/logo-rc.png","width":200,"height":176,"caption":"Reiki Conciliation"},"image":{"@id":"https:\/\/reiki-conciliation.org\/#\/schema\/logo\/image\/"}}]}},"_links":{"self":[{"href":"https:\/\/reiki-conciliation.org\/de\/wp-json\/wp\/v2\/pages\/2166","targetHints":{"allow":["GET"]}}],"collection":[{"href":"https:\/\/reiki-conciliation.org\/de\/wp-json\/wp\/v2\/pages"}],"about":[{"href":"https:\/\/reiki-conciliation.org\/de\/wp-json\/wp\/v2\/types\/page"}],"author":[{"embeddable":true,"href":"https:\/\/reiki-conciliation.org\/de\/wp-json\/wp\/v2\/users\/1"}],"replies":[{"embeddable":true,"href":"https:\/\/reiki-conciliation.org\/de\/wp-json\/wp\/v2\/comments?post=2166"}],"version-history":[{"count":0,"href":"https:\/\/reiki-conciliation.org\/de\/wp-json\/wp\/v2\/pages\/2166\/revisions"}],"wp:attachment":[{"href":"https:\/\/reiki-conciliation.org\/de\/wp-json\/wp\/v2\/media?parent=2166"}],"curies":[{"name":"wp","href":"https:\/\/api.w.org\/{rel}","templated":true}]}}