{"id":13548,"date":"2024-02-21T17:19:07","date_gmt":"2024-02-21T15:19:07","guid":{"rendered":"https:\/\/reiki-conciliation.org\/?page_id=13548"},"modified":"2024-03-11T11:21:13","modified_gmt":"2024-03-11T09:21:13","slug":"66-etapes-sur-le-chemin-de-la-reconciliation","status":"publish","type":"page","link":"https:\/\/reiki-conciliation.org\/fr\/66-etapes-sur-le-chemin-de-la-reconciliation\/","title":{"rendered":"66 \u00e9tapes sur le chemin de la r\u00e9conciliation"},"content":{"rendered":"<div class=\"alert alert-secondary alert-dismissable alert alert-info\"><button type=\"button\" class=\"close\" data-dismiss=\"alert\" aria-hidden=\"true\">&times;<\/button>\r\n\r\n\r\n<p class=\"alert-info-title\">Informations g\u00e9n\u00e9rales<\/p>\r\n<p class=\"buy-video\"><strong>Acheter une vid\u00e9o : <\/strong> Lorsque vous cliquez sur \u00ab\u00a0Obtenir cette vid\u00e9o&nbsp;<i class=\"ion-android-download\" aria-hidden=\"true\"><\/i>\u00ab\u00a0, vous \u00eates redirig\u00e9 vers <a href=\"https:\/\/vimeo.com\/ondemand\/reikiconciliation\">Vimeo.com<\/a>, o\u00f9 nous h\u00e9bergeons et vendons nos vid\u00e9os. Toutes les vid\u00e9os sont sous-titr\u00e9es en fran\u00e7ais.<\/p>\r\n\r\n<p class=\"info-search\"><strong>Rechercher et filtrer : <\/strong>Certains sujets et histoires sont racont\u00e9s dans plusieurs vid\u00e9os ; \u00ab\u00a0Rechercher&#8230;\u00a0\u00bb et \u00ab\u00a0Th\u00e8mes pr\u00e9s\u00e9lectionn\u00e9s\u00a0\u00bb vous aideront \u00e0 trouver ce que vous cherchez. La fonction de recherche n&rsquo;est disponible qu&rsquo;en anglais.<\/p>\r\n\r\n<p class=\"alert-info-title\">Traduction :<p>\r\n<p><strong>Sabine Flo<\/strong> s&rsquo;est port\u00e9e volontaire pour traduire tous les sous-titres des vid\u00e9os. Sa g\u00e9n\u00e9rosit\u00e9 permet aux spectateurs francophones de se plonger dans cette documentation historique.<\/p>\r\n\r\n<\/div>","protected":false},"excerpt":{"rendered":"","protected":false},"author":1,"featured_media":13562,"parent":0,"menu_order":0,"comment_status":"closed","ping_status":"closed","template":"page-reconciliation.php","meta":{"_acf_changed":false,"footnotes":""},"class_list":["post-13548","page","type-page","status-publish","has-post-thumbnail","hentry"],"acf":[],"yoast_head":"<!-- This site is optimized with the Yoast SEO plugin v27.3 - https:\/\/yoast.com\/product\/yoast-seo-wordpress\/ -->\n<title>66 \u00e9tapes sur le chemin de la r\u00e9conciliation - REIKI Conciliation<\/title>\n<meta name=\"robots\" content=\"index, follow, max-snippet:-1, max-image-preview:large, max-video-preview:-1\" \/>\n<link rel=\"canonical\" href=\"https:\/\/reiki-conciliation.org\/fr\/66-etapes-sur-le-chemin-de-la-reconciliation\/\" \/>\n<meta property=\"og:locale\" content=\"fr_FR\" \/>\n<meta property=\"og:type\" content=\"article\" \/>\n<meta property=\"og:title\" content=\"66 \u00e9tapes sur le chemin de la r\u00e9conciliation - REIKI Conciliation\" \/>\n<meta property=\"og:url\" content=\"https:\/\/reiki-conciliation.org\/fr\/66-etapes-sur-le-chemin-de-la-reconciliation\/\" \/>\n<meta property=\"og:site_name\" content=\"REIKI Conciliation\" \/>\n<meta property=\"article:modified_time\" content=\"2024-03-11T09:21:13+00:00\" \/>\n<meta property=\"og:image\" content=\"https:\/\/reiki-conciliation.org\/wp-content\/uploads\/Trailer-thumb-FR.jpg\" \/>\n\t<meta property=\"og:image:width\" content=\"1280\" \/>\n\t<meta property=\"og:image:height\" content=\"720\" \/>\n\t<meta property=\"og:image:type\" content=\"image\/jpeg\" \/>\n<meta name=\"twitter:card\" content=\"summary_large_image\" \/>\n<meta name=\"twitter:label1\" content=\"Dur\u00e9e de lecture estim\u00e9e\" \/>\n\t<meta name=\"twitter:data1\" content=\"1 minute\" \/>\n<script type=\"application\/ld+json\" class=\"yoast-schema-graph\">{\"@context\":\"https:\\\/\\\/schema.org\",\"@graph\":[{\"@type\":\"WebPage\",\"@id\":\"https:\\\/\\\/reiki-conciliation.org\\\/fr\\\/66-etapes-sur-le-chemin-de-la-reconciliation\\\/\",\"url\":\"https:\\\/\\\/reiki-conciliation.org\\\/fr\\\/66-etapes-sur-le-chemin-de-la-reconciliation\\\/\",\"name\":\"66 \u00e9tapes sur le chemin de la r\u00e9conciliation - REIKI Conciliation\",\"isPartOf\":{\"@id\":\"https:\\\/\\\/reiki-conciliation.org\\\/#website\"},\"primaryImageOfPage\":{\"@id\":\"https:\\\/\\\/reiki-conciliation.org\\\/fr\\\/66-etapes-sur-le-chemin-de-la-reconciliation\\\/#primaryimage\"},\"image\":{\"@id\":\"https:\\\/\\\/reiki-conciliation.org\\\/fr\\\/66-etapes-sur-le-chemin-de-la-reconciliation\\\/#primaryimage\"},\"thumbnailUrl\":\"https:\\\/\\\/reiki-conciliation.org\\\/wp-content\\\/uploads\\\/Trailer-thumb-FR.jpg\",\"datePublished\":\"2024-02-21T15:19:07+00:00\",\"dateModified\":\"2024-03-11T09:21:13+00:00\",\"breadcrumb\":{\"@id\":\"https:\\\/\\\/reiki-conciliation.org\\\/fr\\\/66-etapes-sur-le-chemin-de-la-reconciliation\\\/#breadcrumb\"},\"inLanguage\":\"fr-FR\",\"potentialAction\":[{\"@type\":\"ReadAction\",\"target\":[\"https:\\\/\\\/reiki-conciliation.org\\\/fr\\\/66-etapes-sur-le-chemin-de-la-reconciliation\\\/\"]}]},{\"@type\":\"ImageObject\",\"inLanguage\":\"fr-FR\",\"@id\":\"https:\\\/\\\/reiki-conciliation.org\\\/fr\\\/66-etapes-sur-le-chemin-de-la-reconciliation\\\/#primaryimage\",\"url\":\"https:\\\/\\\/reiki-conciliation.org\\\/wp-content\\\/uploads\\\/Trailer-thumb-FR.jpg\",\"contentUrl\":\"https:\\\/\\\/reiki-conciliation.org\\\/wp-content\\\/uploads\\\/Trailer-thumb-FR.jpg\",\"width\":1280,\"height\":720},{\"@type\":\"BreadcrumbList\",\"@id\":\"https:\\\/\\\/reiki-conciliation.org\\\/fr\\\/66-etapes-sur-le-chemin-de-la-reconciliation\\\/#breadcrumb\",\"itemListElement\":[{\"@type\":\"ListItem\",\"position\":1,\"name\":\"Home\",\"item\":\"https:\\\/\\\/reiki-conciliation.org\\\/\"},{\"@type\":\"ListItem\",\"position\":2,\"name\":\"66 \u00e9tapes sur le chemin de la r\u00e9conciliation\"}]},{\"@type\":\"WebSite\",\"@id\":\"https:\\\/\\\/reiki-conciliation.org\\\/#website\",\"url\":\"https:\\\/\\\/reiki-conciliation.org\\\/\",\"name\":\"REIKI Conciliation\",\"description\":\"\",\"publisher\":{\"@id\":\"https:\\\/\\\/reiki-conciliation.org\\\/#organization\"},\"potentialAction\":[{\"@type\":\"SearchAction\",\"target\":{\"@type\":\"EntryPoint\",\"urlTemplate\":\"https:\\\/\\\/reiki-conciliation.org\\\/?s={search_term_string}\"},\"query-input\":{\"@type\":\"PropertyValueSpecification\",\"valueRequired\":true,\"valueName\":\"search_term_string\"}}],\"inLanguage\":\"fr-FR\"},{\"@type\":\"Organization\",\"@id\":\"https:\\\/\\\/reiki-conciliation.org\\\/#organization\",\"name\":\"Reiki Conciliation\",\"url\":\"https:\\\/\\\/reiki-conciliation.org\\\/\",\"logo\":{\"@type\":\"ImageObject\",\"inLanguage\":\"fr-FR\",\"@id\":\"https:\\\/\\\/reiki-conciliation.org\\\/#\\\/schema\\\/logo\\\/image\\\/\",\"url\":\"https:\\\/\\\/reiki-conciliation.org\\\/wp-content\\\/uploads\\\/logo-rc.png\",\"contentUrl\":\"https:\\\/\\\/reiki-conciliation.org\\\/wp-content\\\/uploads\\\/logo-rc.png\",\"width\":200,\"height\":176,\"caption\":\"Reiki Conciliation\"},\"image\":{\"@id\":\"https:\\\/\\\/reiki-conciliation.org\\\/#\\\/schema\\\/logo\\\/image\\\/\"}}]}<\/script>\n<!-- \/ Yoast SEO plugin. -->","yoast_head_json":{"title":"66 \u00e9tapes sur le chemin de la r\u00e9conciliation - REIKI Conciliation","robots":{"index":"index","follow":"follow","max-snippet":"max-snippet:-1","max-image-preview":"max-image-preview:large","max-video-preview":"max-video-preview:-1"},"canonical":"https:\/\/reiki-conciliation.org\/fr\/66-etapes-sur-le-chemin-de-la-reconciliation\/","og_locale":"fr_FR","og_type":"article","og_title":"66 \u00e9tapes sur le chemin de la r\u00e9conciliation - REIKI Conciliation","og_url":"https:\/\/reiki-conciliation.org\/fr\/66-etapes-sur-le-chemin-de-la-reconciliation\/","og_site_name":"REIKI Conciliation","article_modified_time":"2024-03-11T09:21:13+00:00","og_image":[{"width":1280,"height":720,"url":"https:\/\/reiki-conciliation.org\/wp-content\/uploads\/Trailer-thumb-FR.jpg","type":"image\/jpeg"}],"twitter_card":"summary_large_image","twitter_misc":{"Dur\u00e9e de lecture estim\u00e9e":"1 minute"},"schema":{"@context":"https:\/\/schema.org","@graph":[{"@type":"WebPage","@id":"https:\/\/reiki-conciliation.org\/fr\/66-etapes-sur-le-chemin-de-la-reconciliation\/","url":"https:\/\/reiki-conciliation.org\/fr\/66-etapes-sur-le-chemin-de-la-reconciliation\/","name":"66 \u00e9tapes sur le chemin de la r\u00e9conciliation - REIKI Conciliation","isPartOf":{"@id":"https:\/\/reiki-conciliation.org\/#website"},"primaryImageOfPage":{"@id":"https:\/\/reiki-conciliation.org\/fr\/66-etapes-sur-le-chemin-de-la-reconciliation\/#primaryimage"},"image":{"@id":"https:\/\/reiki-conciliation.org\/fr\/66-etapes-sur-le-chemin-de-la-reconciliation\/#primaryimage"},"thumbnailUrl":"https:\/\/reiki-conciliation.org\/wp-content\/uploads\/Trailer-thumb-FR.jpg","datePublished":"2024-02-21T15:19:07+00:00","dateModified":"2024-03-11T09:21:13+00:00","breadcrumb":{"@id":"https:\/\/reiki-conciliation.org\/fr\/66-etapes-sur-le-chemin-de-la-reconciliation\/#breadcrumb"},"inLanguage":"fr-FR","potentialAction":[{"@type":"ReadAction","target":["https:\/\/reiki-conciliation.org\/fr\/66-etapes-sur-le-chemin-de-la-reconciliation\/"]}]},{"@type":"ImageObject","inLanguage":"fr-FR","@id":"https:\/\/reiki-conciliation.org\/fr\/66-etapes-sur-le-chemin-de-la-reconciliation\/#primaryimage","url":"https:\/\/reiki-conciliation.org\/wp-content\/uploads\/Trailer-thumb-FR.jpg","contentUrl":"https:\/\/reiki-conciliation.org\/wp-content\/uploads\/Trailer-thumb-FR.jpg","width":1280,"height":720},{"@type":"BreadcrumbList","@id":"https:\/\/reiki-conciliation.org\/fr\/66-etapes-sur-le-chemin-de-la-reconciliation\/#breadcrumb","itemListElement":[{"@type":"ListItem","position":1,"name":"Home","item":"https:\/\/reiki-conciliation.org\/"},{"@type":"ListItem","position":2,"name":"66 \u00e9tapes sur le chemin de la r\u00e9conciliation"}]},{"@type":"WebSite","@id":"https:\/\/reiki-conciliation.org\/#website","url":"https:\/\/reiki-conciliation.org\/","name":"REIKI Conciliation","description":"","publisher":{"@id":"https:\/\/reiki-conciliation.org\/#organization"},"potentialAction":[{"@type":"SearchAction","target":{"@type":"EntryPoint","urlTemplate":"https:\/\/reiki-conciliation.org\/?s={search_term_string}"},"query-input":{"@type":"PropertyValueSpecification","valueRequired":true,"valueName":"search_term_string"}}],"inLanguage":"fr-FR"},{"@type":"Organization","@id":"https:\/\/reiki-conciliation.org\/#organization","name":"Reiki Conciliation","url":"https:\/\/reiki-conciliation.org\/","logo":{"@type":"ImageObject","inLanguage":"fr-FR","@id":"https:\/\/reiki-conciliation.org\/#\/schema\/logo\/image\/","url":"https:\/\/reiki-conciliation.org\/wp-content\/uploads\/logo-rc.png","contentUrl":"https:\/\/reiki-conciliation.org\/wp-content\/uploads\/logo-rc.png","width":200,"height":176,"caption":"Reiki Conciliation"},"image":{"@id":"https:\/\/reiki-conciliation.org\/#\/schema\/logo\/image\/"}}]}},"_links":{"self":[{"href":"https:\/\/reiki-conciliation.org\/fr\/wp-json\/wp\/v2\/pages\/13548","targetHints":{"allow":["GET"]}}],"collection":[{"href":"https:\/\/reiki-conciliation.org\/fr\/wp-json\/wp\/v2\/pages"}],"about":[{"href":"https:\/\/reiki-conciliation.org\/fr\/wp-json\/wp\/v2\/types\/page"}],"author":[{"embeddable":true,"href":"https:\/\/reiki-conciliation.org\/fr\/wp-json\/wp\/v2\/users\/1"}],"replies":[{"embeddable":true,"href":"https:\/\/reiki-conciliation.org\/fr\/wp-json\/wp\/v2\/comments?post=13548"}],"version-history":[{"count":6,"href":"https:\/\/reiki-conciliation.org\/fr\/wp-json\/wp\/v2\/pages\/13548\/revisions"}],"predecessor-version":[{"id":13554,"href":"https:\/\/reiki-conciliation.org\/fr\/wp-json\/wp\/v2\/pages\/13548\/revisions\/13554"}],"wp:featuredmedia":[{"embeddable":true,"href":"https:\/\/reiki-conciliation.org\/fr\/wp-json\/wp\/v2\/media\/13562"}],"wp:attachment":[{"href":"https:\/\/reiki-conciliation.org\/fr\/wp-json\/wp\/v2\/media?parent=13548"}],"curies":[{"name":"wp","href":"https:\/\/api.w.org\/{rel}","templated":true}]}}