{"id":15414,"date":"2026-01-25T15:53:29","date_gmt":"2026-01-25T13:53:29","guid":{"rendered":"https:\/\/reiki-conciliation.org\/?page_id=15414"},"modified":"2026-02-23T15:21:20","modified_gmt":"2026-02-23T13:21:20","slug":"provoquer-et-evoluer-larchive","status":"publish","type":"page","link":"https:\/\/reiki-conciliation.org\/fr\/provoquer-et-evoluer-larchive\/","title":{"rendered":"Provoquer et \u00e9voluer &#8211; L&rsquo;ARCHIVE"},"content":{"rendered":"<div class=\"alert alert-secondary alert-dismissable alert alert-info\"><button type=\"button\" class=\"close\" data-dismiss=\"alert\" aria-hidden=\"true\">&times;<\/button>\r\n<p class=\"alert-info-title\">Informations g\u00e9n\u00e9rales<\/p>\r\n<p class=\"buy-video\"><strong>Acheter une vid\u00e9o : <\/strong>Lorsque vous cliquez sur \u00ab\u00a0Obtenir cette vid\u00e9o\u00a0<i class=\"ion-android-download\" aria-hidden=\"true\"><\/i>\u00a0\u00bb, vous serez redirig\u00e9 vers <a target=\"_blank\" href=\"https:\/\/vimeo.com\/ondemand\/provokeandevolve\">Vimeo.com<\/a>, o\u00f9 nous h\u00e9bergeons et vendons nos vid\u00e9os.<\/p>\r\n<p class=\"info-search\"><strong>Recherche : <\/strong>Certains sujets et r\u00e9cits sont abord\u00e9s dans plusieurs vid\u00e9os\u00a0; \u00ab\u00a0Rechercher\u2026\u00a0\u00bb vous aidera \u00e0 trouver ce que vous cherchez.<\/p>\r\n<p class=\"info-subtitles\"><strong>Sous-titres : <\/strong>Tous les films d&rsquo;archives sont sous-titr\u00e9s en 10 langues.<\/p>\r\n<\/div>","protected":false},"excerpt":{"rendered":"","protected":false},"author":1,"featured_media":0,"parent":0,"menu_order":0,"comment_status":"closed","ping_status":"closed","template":"page-arjava-archive.php","meta":{"_acf_changed":false,"footnotes":""},"class_list":["post-15414","page","type-page","status-publish","hentry"],"acf":[],"yoast_head":"<!-- This site is optimized with the Yoast SEO plugin v27.3 - https:\/\/yoast.com\/product\/yoast-seo-wordpress\/ -->\n<title>Provoquer et \u00e9voluer - L&#039;ARCHIVE - REIKI Conciliation<\/title>\n<meta name=\"robots\" content=\"index, follow, max-snippet:-1, max-image-preview:large, max-video-preview:-1\" \/>\n<link rel=\"canonical\" href=\"https:\/\/reiki-conciliation.org\/fr\/provoquer-et-evoluer-larchive\/\" \/>\n<meta property=\"og:locale\" content=\"fr_FR\" \/>\n<meta property=\"og:type\" content=\"article\" \/>\n<meta property=\"og:title\" content=\"Provoquer et \u00e9voluer - L&#039;ARCHIVE - REIKI Conciliation\" \/>\n<meta property=\"og:url\" content=\"https:\/\/reiki-conciliation.org\/fr\/provoquer-et-evoluer-larchive\/\" \/>\n<meta property=\"og:site_name\" content=\"REIKI Conciliation\" \/>\n<meta property=\"article:modified_time\" content=\"2026-02-23T13:21:20+00:00\" \/>\n<meta property=\"og:image\" content=\"https:\/\/reiki-conciliation.org\/wp-content\/uploads\/logo-rc-facebook.jpg\" \/>\n\t<meta property=\"og:image:width\" content=\"1200\" \/>\n\t<meta property=\"og:image:height\" content=\"640\" \/>\n\t<meta property=\"og:image:type\" content=\"image\/jpeg\" \/>\n<meta name=\"twitter:card\" content=\"summary_large_image\" \/>\n<meta name=\"twitter:label1\" content=\"Dur\u00e9e de lecture estim\u00e9e\" \/>\n\t<meta name=\"twitter:data1\" content=\"1 minute\" \/>\n<script type=\"application\/ld+json\" class=\"yoast-schema-graph\">{\"@context\":\"https:\\\/\\\/schema.org\",\"@graph\":[{\"@type\":\"WebPage\",\"@id\":\"https:\\\/\\\/reiki-conciliation.org\\\/fr\\\/provoquer-et-evoluer-larchive\\\/\",\"url\":\"https:\\\/\\\/reiki-conciliation.org\\\/fr\\\/provoquer-et-evoluer-larchive\\\/\",\"name\":\"Provoquer et \u00e9voluer - L'ARCHIVE - REIKI Conciliation\",\"isPartOf\":{\"@id\":\"https:\\\/\\\/reiki-conciliation.org\\\/#website\"},\"datePublished\":\"2026-01-25T13:53:29+00:00\",\"dateModified\":\"2026-02-23T13:21:20+00:00\",\"breadcrumb\":{\"@id\":\"https:\\\/\\\/reiki-conciliation.org\\\/fr\\\/provoquer-et-evoluer-larchive\\\/#breadcrumb\"},\"inLanguage\":\"fr-FR\",\"potentialAction\":[{\"@type\":\"ReadAction\",\"target\":[\"https:\\\/\\\/reiki-conciliation.org\\\/fr\\\/provoquer-et-evoluer-larchive\\\/\"]}]},{\"@type\":\"BreadcrumbList\",\"@id\":\"https:\\\/\\\/reiki-conciliation.org\\\/fr\\\/provoquer-et-evoluer-larchive\\\/#breadcrumb\",\"itemListElement\":[{\"@type\":\"ListItem\",\"position\":1,\"name\":\"Home\",\"item\":\"https:\\\/\\\/reiki-conciliation.org\\\/\"},{\"@type\":\"ListItem\",\"position\":2,\"name\":\"Provoquer et \u00e9voluer &#8211; L&#8217;ARCHIVE\"}]},{\"@type\":\"WebSite\",\"@id\":\"https:\\\/\\\/reiki-conciliation.org\\\/#website\",\"url\":\"https:\\\/\\\/reiki-conciliation.org\\\/\",\"name\":\"REIKI Conciliation\",\"description\":\"\",\"publisher\":{\"@id\":\"https:\\\/\\\/reiki-conciliation.org\\\/#organization\"},\"potentialAction\":[{\"@type\":\"SearchAction\",\"target\":{\"@type\":\"EntryPoint\",\"urlTemplate\":\"https:\\\/\\\/reiki-conciliation.org\\\/?s={search_term_string}\"},\"query-input\":{\"@type\":\"PropertyValueSpecification\",\"valueRequired\":true,\"valueName\":\"search_term_string\"}}],\"inLanguage\":\"fr-FR\"},{\"@type\":\"Organization\",\"@id\":\"https:\\\/\\\/reiki-conciliation.org\\\/#organization\",\"name\":\"Reiki Conciliation\",\"url\":\"https:\\\/\\\/reiki-conciliation.org\\\/\",\"logo\":{\"@type\":\"ImageObject\",\"inLanguage\":\"fr-FR\",\"@id\":\"https:\\\/\\\/reiki-conciliation.org\\\/#\\\/schema\\\/logo\\\/image\\\/\",\"url\":\"https:\\\/\\\/reiki-conciliation.org\\\/wp-content\\\/uploads\\\/logo-rc.png\",\"contentUrl\":\"https:\\\/\\\/reiki-conciliation.org\\\/wp-content\\\/uploads\\\/logo-rc.png\",\"width\":200,\"height\":176,\"caption\":\"Reiki Conciliation\"},\"image\":{\"@id\":\"https:\\\/\\\/reiki-conciliation.org\\\/#\\\/schema\\\/logo\\\/image\\\/\"}}]}<\/script>\n<!-- \/ Yoast SEO plugin. -->","yoast_head_json":{"title":"Provoquer et \u00e9voluer - L'ARCHIVE - REIKI Conciliation","robots":{"index":"index","follow":"follow","max-snippet":"max-snippet:-1","max-image-preview":"max-image-preview:large","max-video-preview":"max-video-preview:-1"},"canonical":"https:\/\/reiki-conciliation.org\/fr\/provoquer-et-evoluer-larchive\/","og_locale":"fr_FR","og_type":"article","og_title":"Provoquer et \u00e9voluer - L'ARCHIVE - REIKI Conciliation","og_url":"https:\/\/reiki-conciliation.org\/fr\/provoquer-et-evoluer-larchive\/","og_site_name":"REIKI Conciliation","article_modified_time":"2026-02-23T13:21:20+00:00","og_image":[{"width":1200,"height":640,"url":"https:\/\/reiki-conciliation.org\/wp-content\/uploads\/logo-rc-facebook.jpg","type":"image\/jpeg"}],"twitter_card":"summary_large_image","twitter_misc":{"Dur\u00e9e de lecture estim\u00e9e":"1 minute"},"schema":{"@context":"https:\/\/schema.org","@graph":[{"@type":"WebPage","@id":"https:\/\/reiki-conciliation.org\/fr\/provoquer-et-evoluer-larchive\/","url":"https:\/\/reiki-conciliation.org\/fr\/provoquer-et-evoluer-larchive\/","name":"Provoquer et \u00e9voluer - L'ARCHIVE - REIKI Conciliation","isPartOf":{"@id":"https:\/\/reiki-conciliation.org\/#website"},"datePublished":"2026-01-25T13:53:29+00:00","dateModified":"2026-02-23T13:21:20+00:00","breadcrumb":{"@id":"https:\/\/reiki-conciliation.org\/fr\/provoquer-et-evoluer-larchive\/#breadcrumb"},"inLanguage":"fr-FR","potentialAction":[{"@type":"ReadAction","target":["https:\/\/reiki-conciliation.org\/fr\/provoquer-et-evoluer-larchive\/"]}]},{"@type":"BreadcrumbList","@id":"https:\/\/reiki-conciliation.org\/fr\/provoquer-et-evoluer-larchive\/#breadcrumb","itemListElement":[{"@type":"ListItem","position":1,"name":"Home","item":"https:\/\/reiki-conciliation.org\/"},{"@type":"ListItem","position":2,"name":"Provoquer et \u00e9voluer &#8211; L&#8217;ARCHIVE"}]},{"@type":"WebSite","@id":"https:\/\/reiki-conciliation.org\/#website","url":"https:\/\/reiki-conciliation.org\/","name":"REIKI Conciliation","description":"","publisher":{"@id":"https:\/\/reiki-conciliation.org\/#organization"},"potentialAction":[{"@type":"SearchAction","target":{"@type":"EntryPoint","urlTemplate":"https:\/\/reiki-conciliation.org\/?s={search_term_string}"},"query-input":{"@type":"PropertyValueSpecification","valueRequired":true,"valueName":"search_term_string"}}],"inLanguage":"fr-FR"},{"@type":"Organization","@id":"https:\/\/reiki-conciliation.org\/#organization","name":"Reiki Conciliation","url":"https:\/\/reiki-conciliation.org\/","logo":{"@type":"ImageObject","inLanguage":"fr-FR","@id":"https:\/\/reiki-conciliation.org\/#\/schema\/logo\/image\/","url":"https:\/\/reiki-conciliation.org\/wp-content\/uploads\/logo-rc.png","contentUrl":"https:\/\/reiki-conciliation.org\/wp-content\/uploads\/logo-rc.png","width":200,"height":176,"caption":"Reiki Conciliation"},"image":{"@id":"https:\/\/reiki-conciliation.org\/#\/schema\/logo\/image\/"}}]}},"_links":{"self":[{"href":"https:\/\/reiki-conciliation.org\/fr\/wp-json\/wp\/v2\/pages\/15414","targetHints":{"allow":["GET"]}}],"collection":[{"href":"https:\/\/reiki-conciliation.org\/fr\/wp-json\/wp\/v2\/pages"}],"about":[{"href":"https:\/\/reiki-conciliation.org\/fr\/wp-json\/wp\/v2\/types\/page"}],"author":[{"embeddable":true,"href":"https:\/\/reiki-conciliation.org\/fr\/wp-json\/wp\/v2\/users\/1"}],"replies":[{"embeddable":true,"href":"https:\/\/reiki-conciliation.org\/fr\/wp-json\/wp\/v2\/comments?post=15414"}],"version-history":[{"count":4,"href":"https:\/\/reiki-conciliation.org\/fr\/wp-json\/wp\/v2\/pages\/15414\/revisions"}],"predecessor-version":[{"id":15579,"href":"https:\/\/reiki-conciliation.org\/fr\/wp-json\/wp\/v2\/pages\/15414\/revisions\/15579"}],"wp:attachment":[{"href":"https:\/\/reiki-conciliation.org\/fr\/wp-json\/wp\/v2\/media?parent=15414"}],"curies":[{"name":"wp","href":"https:\/\/api.w.org\/{rel}","templated":true}]}}